{"id":1900,"date":"2024-05-15T12:19:11","date_gmt":"2024-05-15T10:19:11","guid":{"rendered":"https:\/\/eternelle-ephemere.com\/?post_type=product&#038;p=1900"},"modified":"2025-01-09T17:23:58","modified_gmt":"2025-01-09T16:23:58","slug":"journee-de-connexion-aux-elements","status":"publish","type":"product","link":"https:\/\/eternelle-ephemere.com\/index.php\/produit\/journee-de-connexion-aux-elements\/","title":{"rendered":"Journ\u00e9e de connexion aux \u00e9l\u00e9ments"},"content":{"rendered":"<p>Ceci est un produit pour r\u00e9gler l&rsquo;acompte de 40\u20ac et par l\u00e0 m\u00eame occasion vous inscrire \u00e0 ma prochaine journ\u00e9e de connexion aux \u00e9l\u00e9ments.<\/p>\n","protected":false},"excerpt":{"rendered":"<p class=\"p1\">Je r\u00e8gle l&rsquo;acompte de 40\u20ac pour r\u00e9server ma place.<\/p>\n","protected":false},"featured_media":1990,"comment_status":"open","ping_status":"closed","template":"","meta":{"site-sidebar-layout":"default","site-content-layout":"","ast-site-content-layout":"default","site-content-style":"default","site-sidebar-style":"default","ast-global-header-display":"","ast-banner-title-visibility":"","ast-main-header-display":"","ast-hfb-above-header-display":"","ast-hfb-below-header-display":"","ast-hfb-mobile-header-display":"","site-post-title":"","ast-breadcrumbs-content":"","ast-featured-img":"","footer-sml-layout":"","ast-disable-related-posts":"","theme-transparent-header-meta":"default","adv-header-id-meta":"","stick-header-meta":"","header-above-stick-meta":"","header-main-stick-meta":"","header-below-stick-meta":"","astra-migrate-meta-layouts":"set","ast-page-background-enabled":"default","ast-page-background-meta":{"desktop":{"background-color":"var(--ast-global-color-4)","background-image":"","background-repeat":"repeat","background-position":"center center","background-size":"auto","background-attachment":"scroll","background-type":"","background-media":"","overlay-type":"","overlay-color":"","overlay-opacity":"","overlay-gradient":""},"tablet":{"background-color":"","background-image":"","background-repeat":"repeat","background-position":"center center","background-size":"auto","background-attachment":"scroll","background-type":"","background-media":"","overlay-type":"","overlay-color":"","overlay-opacity":"","overlay-gradient":""},"mobile":{"background-color":"","background-image":"","background-repeat":"repeat","background-position":"center center","background-size":"auto","background-attachment":"scroll","background-type":"","background-media":"","overlay-type":"","overlay-color":"","overlay-opacity":"","overlay-gradient":""}},"ast-content-background-meta":{"desktop":{"background-color":"var(--ast-global-color-5)","background-image":"","background-repeat":"repeat","background-position":"center center","background-size":"auto","background-attachment":"scroll","background-type":"","background-media":"","overlay-type":"","overlay-color":"","overlay-opacity":"","overlay-gradient":""},"tablet":{"background-color":"var(--ast-global-color-5)","background-image":"","background-repeat":"repeat","background-position":"center center","background-size":"auto","background-attachment":"scroll","background-type":"","background-media":"","overlay-type":"","overlay-color":"","overlay-opacity":"","overlay-gradient":""},"mobile":{"background-color":"var(--ast-global-color-5)","background-image":"","background-repeat":"repeat","background-position":"center center","background-size":"auto","background-attachment":"scroll","background-type":"","background-media":"","overlay-type":"","overlay-color":"","overlay-opacity":"","overlay-gradient":""}}},"product_brand":[],"product_cat":[22],"product_tag":[],"class_list":{"0":"post-1900","1":"product","2":"type-product","3":"status-publish","4":"has-post-thumbnail","6":"product_cat-evenement","7":"desktop-align-left","8":"tablet-align-left","9":"mobile-align-left","11":"first","12":"instock","13":"virtual","14":"purchasable","15":"product-type-simple"},"yoast_head":"<!-- This site is optimized with the Yoast SEO plugin v27.4 - https:\/\/yoast.com\/product\/yoast-seo-wordpress\/ -->\n<title>Journ\u00e9e de connexion aux \u00e9l\u00e9ments - Eternelle Ephemere<\/title>\n<meta name=\"robots\" content=\"index, follow, max-snippet:-1, max-image-preview:large, max-video-preview:-1\" \/>\n<link rel=\"canonical\" href=\"https:\/\/eternelle-ephemere.com\/index.php\/produit\/journee-de-connexion-aux-elements\/\" \/>\n<meta property=\"og:locale\" content=\"fr_FR\" \/>\n<meta property=\"og:type\" content=\"article\" \/>\n<meta property=\"og:title\" content=\"Journ\u00e9e de connexion aux \u00e9l\u00e9ments - Eternelle Ephemere\" \/>\n<meta property=\"og:description\" content=\"Je r\u00e8gle l&#039;acompte de 40\u20ac pour r\u00e9server ma place.\" \/>\n<meta property=\"og:url\" content=\"https:\/\/eternelle-ephemere.com\/index.php\/produit\/journee-de-connexion-aux-elements\/\" \/>\n<meta property=\"og:site_name\" content=\"Eternelle Ephemere\" \/>\n<meta property=\"article:publisher\" content=\"https:\/\/www.facebook.com\/anne.crevaux.7\" \/>\n<meta property=\"article:modified_time\" content=\"2025-01-09T16:23:58+00:00\" \/>\n<meta property=\"og:image\" content=\"https:\/\/eternelle-ephemere.com\/wp-content\/uploads\/2024\/05\/Le-dimanche-9-juin-1024x1024.png\" \/>\n\t<meta property=\"og:image:width\" content=\"1024\" \/>\n\t<meta property=\"og:image:height\" content=\"1024\" \/>\n\t<meta property=\"og:image:type\" content=\"image\/png\" \/>\n<meta name=\"twitter:card\" content=\"summary_large_image\" \/>\n<meta name=\"twitter:label1\" content=\"Dur\u00e9e de lecture estim\u00e9e\" \/>\n\t<meta name=\"twitter:data1\" content=\"1 minute\" \/>\n<script type=\"application\/ld+json\" class=\"yoast-schema-graph\">{\"@context\":\"https:\\\/\\\/schema.org\",\"@graph\":[{\"@type\":\"WebPage\",\"@id\":\"https:\\\/\\\/eternelle-ephemere.com\\\/index.php\\\/produit\\\/journee-de-connexion-aux-elements\\\/\",\"url\":\"https:\\\/\\\/eternelle-ephemere.com\\\/index.php\\\/produit\\\/journee-de-connexion-aux-elements\\\/\",\"name\":\"Journ\u00e9e de connexion aux \u00e9l\u00e9ments - Eternelle Ephemere\",\"isPartOf\":{\"@id\":\"https:\\\/\\\/eternelle-ephemere.com\\\/#website\"},\"primaryImageOfPage\":{\"@id\":\"https:\\\/\\\/eternelle-ephemere.com\\\/index.php\\\/produit\\\/journee-de-connexion-aux-elements\\\/#primaryimage\"},\"image\":{\"@id\":\"https:\\\/\\\/eternelle-ephemere.com\\\/index.php\\\/produit\\\/journee-de-connexion-aux-elements\\\/#primaryimage\"},\"thumbnailUrl\":\"https:\\\/\\\/i0.wp.com\\\/eternelle-ephemere.com\\\/wp-content\\\/uploads\\\/2024\\\/05\\\/Le-dimanche-9-juin.png?fit=1080%2C1080&ssl=1\",\"datePublished\":\"2024-05-15T10:19:11+00:00\",\"dateModified\":\"2025-01-09T16:23:58+00:00\",\"breadcrumb\":{\"@id\":\"https:\\\/\\\/eternelle-ephemere.com\\\/index.php\\\/produit\\\/journee-de-connexion-aux-elements\\\/#breadcrumb\"},\"inLanguage\":\"fr-FR\",\"potentialAction\":[{\"@type\":\"ReadAction\",\"target\":[\"https:\\\/\\\/eternelle-ephemere.com\\\/index.php\\\/produit\\\/journee-de-connexion-aux-elements\\\/\"]}]},{\"@type\":\"ImageObject\",\"inLanguage\":\"fr-FR\",\"@id\":\"https:\\\/\\\/eternelle-ephemere.com\\\/index.php\\\/produit\\\/journee-de-connexion-aux-elements\\\/#primaryimage\",\"url\":\"https:\\\/\\\/i0.wp.com\\\/eternelle-ephemere.com\\\/wp-content\\\/uploads\\\/2024\\\/05\\\/Le-dimanche-9-juin.png?fit=1080%2C1080&ssl=1\",\"contentUrl\":\"https:\\\/\\\/i0.wp.com\\\/eternelle-ephemere.com\\\/wp-content\\\/uploads\\\/2024\\\/05\\\/Le-dimanche-9-juin.png?fit=1080%2C1080&ssl=1\",\"width\":1080,\"height\":1080},{\"@type\":\"BreadcrumbList\",\"@id\":\"https:\\\/\\\/eternelle-ephemere.com\\\/index.php\\\/produit\\\/journee-de-connexion-aux-elements\\\/#breadcrumb\",\"itemListElement\":[{\"@type\":\"ListItem\",\"position\":1,\"name\":\"Accueil\",\"item\":\"https:\\\/\\\/eternelle-ephemere.com\\\/\"},{\"@type\":\"ListItem\",\"position\":2,\"name\":\"Shop\",\"item\":\"https:\\\/\\\/eternelle-ephemere.com\\\/index.php\\\/shop\\\/\"},{\"@type\":\"ListItem\",\"position\":3,\"name\":\"Journ\u00e9e de connexion aux \u00e9l\u00e9ments\"}]},{\"@type\":\"WebSite\",\"@id\":\"https:\\\/\\\/eternelle-ephemere.com\\\/#website\",\"url\":\"https:\\\/\\\/eternelle-ephemere.com\\\/\",\"name\":\"Eternelle Ephemere\",\"description\":\"Retrouve ta v\u00e9ritable nature\",\"publisher\":{\"@id\":\"https:\\\/\\\/eternelle-ephemere.com\\\/#\\\/schema\\\/person\\\/424dfa718634a7d990871a2ef8352b30\"},\"potentialAction\":[{\"@type\":\"SearchAction\",\"target\":{\"@type\":\"EntryPoint\",\"urlTemplate\":\"https:\\\/\\\/eternelle-ephemere.com\\\/?s={search_term_string}\"},\"query-input\":{\"@type\":\"PropertyValueSpecification\",\"valueRequired\":true,\"valueName\":\"search_term_string\"}}],\"inLanguage\":\"fr-FR\"},{\"@type\":[\"Person\",\"Organization\"],\"@id\":\"https:\\\/\\\/eternelle-ephemere.com\\\/#\\\/schema\\\/person\\\/424dfa718634a7d990871a2ef8352b30\",\"name\":\"Anne\",\"image\":{\"@type\":\"ImageObject\",\"inLanguage\":\"fr-FR\",\"@id\":\"https:\\\/\\\/eternelle-ephemere.com\\\/wp-content\\\/uploads\\\/2024\\\/03\\\/cropped-Logo-EE-carre.jpg\",\"url\":\"https:\\\/\\\/eternelle-ephemere.com\\\/wp-content\\\/uploads\\\/2024\\\/03\\\/cropped-Logo-EE-carre.jpg\",\"contentUrl\":\"https:\\\/\\\/eternelle-ephemere.com\\\/wp-content\\\/uploads\\\/2024\\\/03\\\/cropped-Logo-EE-carre.jpg\",\"width\":512,\"height\":512,\"caption\":\"Anne\"},\"logo\":{\"@id\":\"https:\\\/\\\/eternelle-ephemere.com\\\/wp-content\\\/uploads\\\/2024\\\/03\\\/cropped-Logo-EE-carre.jpg\"},\"sameAs\":[\"http:\\\/\\\/eternelle-ephemere.com\",\"https:\\\/\\\/www.facebook.com\\\/anne.crevaux.7\",\"https:\\\/\\\/www.instagram.com\\\/eternelle.ephemere\\\/\"]}]}<\/script>\n<!-- \/ Yoast SEO plugin. -->","yoast_head_json":{"title":"Journ\u00e9e de connexion aux \u00e9l\u00e9ments - Eternelle Ephemere","robots":{"index":"index","follow":"follow","max-snippet":"max-snippet:-1","max-image-preview":"max-image-preview:large","max-video-preview":"max-video-preview:-1"},"canonical":"https:\/\/eternelle-ephemere.com\/index.php\/produit\/journee-de-connexion-aux-elements\/","og_locale":"fr_FR","og_type":"article","og_title":"Journ\u00e9e de connexion aux \u00e9l\u00e9ments - Eternelle Ephemere","og_description":"Je r\u00e8gle l'acompte de 40\u20ac pour r\u00e9server ma place.","og_url":"https:\/\/eternelle-ephemere.com\/index.php\/produit\/journee-de-connexion-aux-elements\/","og_site_name":"Eternelle Ephemere","article_publisher":"https:\/\/www.facebook.com\/anne.crevaux.7","article_modified_time":"2025-01-09T16:23:58+00:00","og_image":[{"width":1024,"height":1024,"url":"https:\/\/eternelle-ephemere.com\/wp-content\/uploads\/2024\/05\/Le-dimanche-9-juin-1024x1024.png","type":"image\/png"}],"twitter_card":"summary_large_image","twitter_misc":{"Dur\u00e9e de lecture estim\u00e9e":"1 minute"},"schema":{"@context":"https:\/\/schema.org","@graph":[{"@type":"WebPage","@id":"https:\/\/eternelle-ephemere.com\/index.php\/produit\/journee-de-connexion-aux-elements\/","url":"https:\/\/eternelle-ephemere.com\/index.php\/produit\/journee-de-connexion-aux-elements\/","name":"Journ\u00e9e de connexion aux \u00e9l\u00e9ments - Eternelle Ephemere","isPartOf":{"@id":"https:\/\/eternelle-ephemere.com\/#website"},"primaryImageOfPage":{"@id":"https:\/\/eternelle-ephemere.com\/index.php\/produit\/journee-de-connexion-aux-elements\/#primaryimage"},"image":{"@id":"https:\/\/eternelle-ephemere.com\/index.php\/produit\/journee-de-connexion-aux-elements\/#primaryimage"},"thumbnailUrl":"https:\/\/i0.wp.com\/eternelle-ephemere.com\/wp-content\/uploads\/2024\/05\/Le-dimanche-9-juin.png?fit=1080%2C1080&ssl=1","datePublished":"2024-05-15T10:19:11+00:00","dateModified":"2025-01-09T16:23:58+00:00","breadcrumb":{"@id":"https:\/\/eternelle-ephemere.com\/index.php\/produit\/journee-de-connexion-aux-elements\/#breadcrumb"},"inLanguage":"fr-FR","potentialAction":[{"@type":"ReadAction","target":["https:\/\/eternelle-ephemere.com\/index.php\/produit\/journee-de-connexion-aux-elements\/"]}]},{"@type":"ImageObject","inLanguage":"fr-FR","@id":"https:\/\/eternelle-ephemere.com\/index.php\/produit\/journee-de-connexion-aux-elements\/#primaryimage","url":"https:\/\/i0.wp.com\/eternelle-ephemere.com\/wp-content\/uploads\/2024\/05\/Le-dimanche-9-juin.png?fit=1080%2C1080&ssl=1","contentUrl":"https:\/\/i0.wp.com\/eternelle-ephemere.com\/wp-content\/uploads\/2024\/05\/Le-dimanche-9-juin.png?fit=1080%2C1080&ssl=1","width":1080,"height":1080},{"@type":"BreadcrumbList","@id":"https:\/\/eternelle-ephemere.com\/index.php\/produit\/journee-de-connexion-aux-elements\/#breadcrumb","itemListElement":[{"@type":"ListItem","position":1,"name":"Accueil","item":"https:\/\/eternelle-ephemere.com\/"},{"@type":"ListItem","position":2,"name":"Shop","item":"https:\/\/eternelle-ephemere.com\/index.php\/shop\/"},{"@type":"ListItem","position":3,"name":"Journ\u00e9e de connexion aux \u00e9l\u00e9ments"}]},{"@type":"WebSite","@id":"https:\/\/eternelle-ephemere.com\/#website","url":"https:\/\/eternelle-ephemere.com\/","name":"Eternelle Ephemere","description":"Retrouve ta v\u00e9ritable nature","publisher":{"@id":"https:\/\/eternelle-ephemere.com\/#\/schema\/person\/424dfa718634a7d990871a2ef8352b30"},"potentialAction":[{"@type":"SearchAction","target":{"@type":"EntryPoint","urlTemplate":"https:\/\/eternelle-ephemere.com\/?s={search_term_string}"},"query-input":{"@type":"PropertyValueSpecification","valueRequired":true,"valueName":"search_term_string"}}],"inLanguage":"fr-FR"},{"@type":["Person","Organization"],"@id":"https:\/\/eternelle-ephemere.com\/#\/schema\/person\/424dfa718634a7d990871a2ef8352b30","name":"Anne","image":{"@type":"ImageObject","inLanguage":"fr-FR","@id":"https:\/\/eternelle-ephemere.com\/wp-content\/uploads\/2024\/03\/cropped-Logo-EE-carre.jpg","url":"https:\/\/eternelle-ephemere.com\/wp-content\/uploads\/2024\/03\/cropped-Logo-EE-carre.jpg","contentUrl":"https:\/\/eternelle-ephemere.com\/wp-content\/uploads\/2024\/03\/cropped-Logo-EE-carre.jpg","width":512,"height":512,"caption":"Anne"},"logo":{"@id":"https:\/\/eternelle-ephemere.com\/wp-content\/uploads\/2024\/03\/cropped-Logo-EE-carre.jpg"},"sameAs":["http:\/\/eternelle-ephemere.com","https:\/\/www.facebook.com\/anne.crevaux.7","https:\/\/www.instagram.com\/eternelle.ephemere\/"]}]}},"jetpack_sharing_enabled":true,"_links":{"self":[{"href":"https:\/\/eternelle-ephemere.com\/index.php\/wp-json\/wp\/v2\/product\/1900","targetHints":{"allow":["GET"]}}],"collection":[{"href":"https:\/\/eternelle-ephemere.com\/index.php\/wp-json\/wp\/v2\/product"}],"about":[{"href":"https:\/\/eternelle-ephemere.com\/index.php\/wp-json\/wp\/v2\/types\/product"}],"replies":[{"embeddable":true,"href":"https:\/\/eternelle-ephemere.com\/index.php\/wp-json\/wp\/v2\/comments?post=1900"}],"wp:featuredmedia":[{"embeddable":true,"href":"https:\/\/eternelle-ephemere.com\/index.php\/wp-json\/wp\/v2\/media\/1990"}],"wp:attachment":[{"href":"https:\/\/eternelle-ephemere.com\/index.php\/wp-json\/wp\/v2\/media?parent=1900"}],"wp:term":[{"taxonomy":"product_brand","embeddable":true,"href":"https:\/\/eternelle-ephemere.com\/index.php\/wp-json\/wp\/v2\/product_brand?post=1900"},{"taxonomy":"product_cat","embeddable":true,"href":"https:\/\/eternelle-ephemere.com\/index.php\/wp-json\/wp\/v2\/product_cat?post=1900"},{"taxonomy":"product_tag","embeddable":true,"href":"https:\/\/eternelle-ephemere.com\/index.php\/wp-json\/wp\/v2\/product_tag?post=1900"}],"curies":[{"name":"wp","href":"https:\/\/api.w.org\/{rel}","templated":true}]}}