{"id":1844,"date":"2024-01-31T16:55:13","date_gmt":"2024-01-31T15:55:13","guid":{"rendered":"https:\/\/eternelle-ephemere.com\/?post_type=product&#038;p=1844"},"modified":"2025-05-16T10:58:12","modified_gmt":"2025-05-16T08:58:12","slug":"voyage-sonore-2","status":"publish","type":"product","link":"https:\/\/eternelle-ephemere.com\/index.php\/produit\/voyage-sonore-2\/","title":{"rendered":"Voyage sonore"},"content":{"rendered":"<p>Le voyage sonore est un art th\u00e9rapeutique tr\u00e8s ancien qui a exist\u00e9 en Inde, en Chine, en Europe et dans bien d\u2019autres pays et cultures du monde, pour procurer soulagement et harmonisation du corps, du mental et de l\u2019esprit.<\/p>\n<p>En pratique, vous \u00eates allong\u00e9 confortablement sur le sol, les yeux ferm\u00e9s. Je joue de mes instruments en me d\u00e9pla\u00e7ant autour de vous pour cr\u00e9er un paysage sonore qui entre en r\u00e9sonance avec vos symphonies int\u00e9rieures. Les vibrations sonores p\u00e9n\u00e8trent et circulent dans votre corps pour vous permettre de cheminer vers une tr\u00e8s profonde d\u00e9tente. Vous reprenez contact avec votre essence.<\/p>\n<p>Ce soin vibratoire touche l\u2019\u00eatre en profondeur\u00a0: ses os, ses organes, ses cellules, sa sph\u00e8re \u00e9motionnelle, son esprit et son c\u0153ur. C\u2019est une harmonisation profonde et subtile de l\u2019\u00e9nergie vitale comme une m\u00e9ditation. Le corps retrouve ses fr\u00e9quences harmoniques en se mettant au diapason des instruments.<\/p>\n<p>Les n\u0153uds et blocages \u00e9nerg\u00e9tiques sont ainsi lib\u00e9r\u00e9s.<\/p>\n<p>Mes instruments\u00a0:<\/p>\n<p>Tambour chamanique, Handpan, Tubalophone, carillons Koshis, Songpods, Tongdrum, Fl\u00fbtes natives, Bols chantants, Gong, Arbre de pluie\u2026<\/p>\n<p>&nbsp;<\/p>\n","protected":false},"excerpt":{"rendered":"<p>Le voyage sonore est un art th\u00e9rapeutique tr\u00e8s ancien qui a exist\u00e9 en Inde, en Chine, en Europe et dans bien d\u2019autres pays et cultures du monde, pour procurer soulagement et harmonisation du corps, du mental et de l\u2019esprit.<\/p>\n","protected":false},"featured_media":1489,"comment_status":"open","ping_status":"closed","template":"","meta":{"site-sidebar-layout":"default","site-content-layout":"default","ast-site-content-layout":"default","site-content-style":"default","site-sidebar-style":"default","ast-global-header-display":"","ast-banner-title-visibility":"","ast-main-header-display":"","ast-hfb-above-header-display":"","ast-hfb-below-header-display":"","ast-hfb-mobile-header-display":"","site-post-title":"","ast-breadcrumbs-content":"","ast-featured-img":"","footer-sml-layout":"","ast-disable-related-posts":"","theme-transparent-header-meta":"default","adv-header-id-meta":"","stick-header-meta":"","header-above-stick-meta":"","header-main-stick-meta":"","header-below-stick-meta":"","astra-migrate-meta-layouts":"set","ast-page-background-enabled":"default","ast-page-background-meta":{"desktop":{"background-color":"var(--ast-global-color-4)","background-image":"","background-repeat":"repeat","background-position":"center center","background-size":"auto","background-attachment":"scroll","background-type":"","background-media":"","overlay-type":"","overlay-color":"","overlay-opacity":"","overlay-gradient":""},"tablet":{"background-color":"","background-image":"","background-repeat":"repeat","background-position":"center center","background-size":"auto","background-attachment":"scroll","background-type":"","background-media":"","overlay-type":"","overlay-color":"","overlay-opacity":"","overlay-gradient":""},"mobile":{"background-color":"","background-image":"","background-repeat":"repeat","background-position":"center center","background-size":"auto","background-attachment":"scroll","background-type":"","background-media":"","overlay-type":"","overlay-color":"","overlay-opacity":"","overlay-gradient":""}},"ast-content-background-meta":{"desktop":{"background-color":"var(--ast-global-color-5)","background-image":"","background-repeat":"repeat","background-position":"center center","background-size":"auto","background-attachment":"scroll","background-type":"","background-media":"","overlay-type":"","overlay-color":"","overlay-opacity":"","overlay-gradient":""},"tablet":{"background-color":"var(--ast-global-color-5)","background-image":"","background-repeat":"repeat","background-position":"center center","background-size":"auto","background-attachment":"scroll","background-type":"","background-media":"","overlay-type":"","overlay-color":"","overlay-opacity":"","overlay-gradient":""},"mobile":{"background-color":"var(--ast-global-color-5)","background-image":"","background-repeat":"repeat","background-position":"center center","background-size":"auto","background-attachment":"scroll","background-type":"","background-media":"","overlay-type":"","overlay-color":"","overlay-opacity":"","overlay-gradient":""}}},"product_brand":[],"product_cat":[22],"product_tag":[],"class_list":{"0":"post-1844","1":"product","2":"type-product","3":"status-publish","4":"has-post-thumbnail","6":"product_cat-evenement","7":"desktop-align-left","8":"tablet-align-left","9":"mobile-align-left","11":"first","12":"instock","13":"virtual","14":"purchasable","15":"product-type-simple"},"yoast_head":"<!-- This site is optimized with the Yoast SEO plugin v27.4 - https:\/\/yoast.com\/product\/yoast-seo-wordpress\/ -->\n<title>Voyage sonore - Eternelle Ephemere<\/title>\n<meta name=\"robots\" content=\"index, follow, max-snippet:-1, max-image-preview:large, max-video-preview:-1\" \/>\n<link rel=\"canonical\" href=\"https:\/\/eternelle-ephemere.com\/index.php\/produit\/voyage-sonore-2\/\" \/>\n<meta property=\"og:locale\" content=\"fr_FR\" \/>\n<meta property=\"og:type\" content=\"article\" \/>\n<meta property=\"og:title\" content=\"Voyage sonore - Eternelle Ephemere\" \/>\n<meta property=\"og:description\" content=\"Le voyage sonore est un art th\u00e9rapeutique tr\u00e8s ancien qui a exist\u00e9 en Inde, en Chine, en Europe et dans bien d\u2019autres pays et cultures du monde, pour procurer soulagement et harmonisation du corps, du mental et de l\u2019esprit.\" \/>\n<meta property=\"og:url\" content=\"https:\/\/eternelle-ephemere.com\/index.php\/produit\/voyage-sonore-2\/\" \/>\n<meta property=\"og:site_name\" content=\"Eternelle Ephemere\" \/>\n<meta property=\"article:publisher\" content=\"https:\/\/www.facebook.com\/anne.crevaux.7\" \/>\n<meta property=\"article:modified_time\" content=\"2025-05-16T08:58:12+00:00\" \/>\n<meta property=\"og:image\" content=\"https:\/\/eternelle-ephemere.com\/wp-content\/uploads\/2023\/04\/IMG_0440-e1706710489936.jpg\" \/>\n\t<meta property=\"og:image:width\" content=\"1123\" \/>\n\t<meta property=\"og:image:height\" content=\"1123\" \/>\n\t<meta property=\"og:image:type\" content=\"image\/jpeg\" \/>\n<meta name=\"twitter:card\" content=\"summary_large_image\" \/>\n<meta name=\"twitter:label1\" content=\"Dur\u00e9e de lecture estim\u00e9e\" \/>\n\t<meta name=\"twitter:data1\" content=\"2 minutes\" \/>\n<script type=\"application\/ld+json\" class=\"yoast-schema-graph\">{\"@context\":\"https:\\\/\\\/schema.org\",\"@graph\":[{\"@type\":\"WebPage\",\"@id\":\"https:\\\/\\\/eternelle-ephemere.com\\\/index.php\\\/produit\\\/voyage-sonore-2\\\/\",\"url\":\"https:\\\/\\\/eternelle-ephemere.com\\\/index.php\\\/produit\\\/voyage-sonore-2\\\/\",\"name\":\"Voyage sonore - Eternelle Ephemere\",\"isPartOf\":{\"@id\":\"https:\\\/\\\/eternelle-ephemere.com\\\/#website\"},\"primaryImageOfPage\":{\"@id\":\"https:\\\/\\\/eternelle-ephemere.com\\\/index.php\\\/produit\\\/voyage-sonore-2\\\/#primaryimage\"},\"image\":{\"@id\":\"https:\\\/\\\/eternelle-ephemere.com\\\/index.php\\\/produit\\\/voyage-sonore-2\\\/#primaryimage\"},\"thumbnailUrl\":\"https:\\\/\\\/i0.wp.com\\\/eternelle-ephemere.com\\\/wp-content\\\/uploads\\\/2023\\\/04\\\/IMG_0440-e1706710489936.jpg?fit=1123%2C1123&ssl=1\",\"datePublished\":\"2024-01-31T15:55:13+00:00\",\"dateModified\":\"2025-05-16T08:58:12+00:00\",\"breadcrumb\":{\"@id\":\"https:\\\/\\\/eternelle-ephemere.com\\\/index.php\\\/produit\\\/voyage-sonore-2\\\/#breadcrumb\"},\"inLanguage\":\"fr-FR\",\"potentialAction\":[{\"@type\":\"ReadAction\",\"target\":[\"https:\\\/\\\/eternelle-ephemere.com\\\/index.php\\\/produit\\\/voyage-sonore-2\\\/\"]}]},{\"@type\":\"ImageObject\",\"inLanguage\":\"fr-FR\",\"@id\":\"https:\\\/\\\/eternelle-ephemere.com\\\/index.php\\\/produit\\\/voyage-sonore-2\\\/#primaryimage\",\"url\":\"https:\\\/\\\/i0.wp.com\\\/eternelle-ephemere.com\\\/wp-content\\\/uploads\\\/2023\\\/04\\\/IMG_0440-e1706710489936.jpg?fit=1123%2C1123&ssl=1\",\"contentUrl\":\"https:\\\/\\\/i0.wp.com\\\/eternelle-ephemere.com\\\/wp-content\\\/uploads\\\/2023\\\/04\\\/IMG_0440-e1706710489936.jpg?fit=1123%2C1123&ssl=1\",\"width\":1123,\"height\":1123},{\"@type\":\"BreadcrumbList\",\"@id\":\"https:\\\/\\\/eternelle-ephemere.com\\\/index.php\\\/produit\\\/voyage-sonore-2\\\/#breadcrumb\",\"itemListElement\":[{\"@type\":\"ListItem\",\"position\":1,\"name\":\"Accueil\",\"item\":\"https:\\\/\\\/eternelle-ephemere.com\\\/\"},{\"@type\":\"ListItem\",\"position\":2,\"name\":\"Shop\",\"item\":\"https:\\\/\\\/eternelle-ephemere.com\\\/index.php\\\/shop\\\/\"},{\"@type\":\"ListItem\",\"position\":3,\"name\":\"Voyage sonore\"}]},{\"@type\":\"WebSite\",\"@id\":\"https:\\\/\\\/eternelle-ephemere.com\\\/#website\",\"url\":\"https:\\\/\\\/eternelle-ephemere.com\\\/\",\"name\":\"Eternelle Ephemere\",\"description\":\"Retrouve ta v\u00e9ritable nature\",\"publisher\":{\"@id\":\"https:\\\/\\\/eternelle-ephemere.com\\\/#\\\/schema\\\/person\\\/424dfa718634a7d990871a2ef8352b30\"},\"potentialAction\":[{\"@type\":\"SearchAction\",\"target\":{\"@type\":\"EntryPoint\",\"urlTemplate\":\"https:\\\/\\\/eternelle-ephemere.com\\\/?s={search_term_string}\"},\"query-input\":{\"@type\":\"PropertyValueSpecification\",\"valueRequired\":true,\"valueName\":\"search_term_string\"}}],\"inLanguage\":\"fr-FR\"},{\"@type\":[\"Person\",\"Organization\"],\"@id\":\"https:\\\/\\\/eternelle-ephemere.com\\\/#\\\/schema\\\/person\\\/424dfa718634a7d990871a2ef8352b30\",\"name\":\"Anne\",\"image\":{\"@type\":\"ImageObject\",\"inLanguage\":\"fr-FR\",\"@id\":\"https:\\\/\\\/eternelle-ephemere.com\\\/wp-content\\\/uploads\\\/2024\\\/03\\\/cropped-Logo-EE-carre.jpg\",\"url\":\"https:\\\/\\\/eternelle-ephemere.com\\\/wp-content\\\/uploads\\\/2024\\\/03\\\/cropped-Logo-EE-carre.jpg\",\"contentUrl\":\"https:\\\/\\\/eternelle-ephemere.com\\\/wp-content\\\/uploads\\\/2024\\\/03\\\/cropped-Logo-EE-carre.jpg\",\"width\":512,\"height\":512,\"caption\":\"Anne\"},\"logo\":{\"@id\":\"https:\\\/\\\/eternelle-ephemere.com\\\/wp-content\\\/uploads\\\/2024\\\/03\\\/cropped-Logo-EE-carre.jpg\"},\"sameAs\":[\"http:\\\/\\\/eternelle-ephemere.com\",\"https:\\\/\\\/www.facebook.com\\\/anne.crevaux.7\",\"https:\\\/\\\/www.instagram.com\\\/eternelle.ephemere\\\/\"]}]}<\/script>\n<!-- \/ Yoast SEO plugin. -->","yoast_head_json":{"title":"Voyage sonore - Eternelle Ephemere","robots":{"index":"index","follow":"follow","max-snippet":"max-snippet:-1","max-image-preview":"max-image-preview:large","max-video-preview":"max-video-preview:-1"},"canonical":"https:\/\/eternelle-ephemere.com\/index.php\/produit\/voyage-sonore-2\/","og_locale":"fr_FR","og_type":"article","og_title":"Voyage sonore - Eternelle Ephemere","og_description":"Le voyage sonore est un art th\u00e9rapeutique tr\u00e8s ancien qui a exist\u00e9 en Inde, en Chine, en Europe et dans bien d\u2019autres pays et cultures du monde, pour procurer soulagement et harmonisation du corps, du mental et de l\u2019esprit.","og_url":"https:\/\/eternelle-ephemere.com\/index.php\/produit\/voyage-sonore-2\/","og_site_name":"Eternelle Ephemere","article_publisher":"https:\/\/www.facebook.com\/anne.crevaux.7","article_modified_time":"2025-05-16T08:58:12+00:00","og_image":[{"width":1123,"height":1123,"url":"https:\/\/eternelle-ephemere.com\/wp-content\/uploads\/2023\/04\/IMG_0440-e1706710489936.jpg","type":"image\/jpeg"}],"twitter_card":"summary_large_image","twitter_misc":{"Dur\u00e9e de lecture estim\u00e9e":"2 minutes"},"schema":{"@context":"https:\/\/schema.org","@graph":[{"@type":"WebPage","@id":"https:\/\/eternelle-ephemere.com\/index.php\/produit\/voyage-sonore-2\/","url":"https:\/\/eternelle-ephemere.com\/index.php\/produit\/voyage-sonore-2\/","name":"Voyage sonore - Eternelle Ephemere","isPartOf":{"@id":"https:\/\/eternelle-ephemere.com\/#website"},"primaryImageOfPage":{"@id":"https:\/\/eternelle-ephemere.com\/index.php\/produit\/voyage-sonore-2\/#primaryimage"},"image":{"@id":"https:\/\/eternelle-ephemere.com\/index.php\/produit\/voyage-sonore-2\/#primaryimage"},"thumbnailUrl":"https:\/\/i0.wp.com\/eternelle-ephemere.com\/wp-content\/uploads\/2023\/04\/IMG_0440-e1706710489936.jpg?fit=1123%2C1123&ssl=1","datePublished":"2024-01-31T15:55:13+00:00","dateModified":"2025-05-16T08:58:12+00:00","breadcrumb":{"@id":"https:\/\/eternelle-ephemere.com\/index.php\/produit\/voyage-sonore-2\/#breadcrumb"},"inLanguage":"fr-FR","potentialAction":[{"@type":"ReadAction","target":["https:\/\/eternelle-ephemere.com\/index.php\/produit\/voyage-sonore-2\/"]}]},{"@type":"ImageObject","inLanguage":"fr-FR","@id":"https:\/\/eternelle-ephemere.com\/index.php\/produit\/voyage-sonore-2\/#primaryimage","url":"https:\/\/i0.wp.com\/eternelle-ephemere.com\/wp-content\/uploads\/2023\/04\/IMG_0440-e1706710489936.jpg?fit=1123%2C1123&ssl=1","contentUrl":"https:\/\/i0.wp.com\/eternelle-ephemere.com\/wp-content\/uploads\/2023\/04\/IMG_0440-e1706710489936.jpg?fit=1123%2C1123&ssl=1","width":1123,"height":1123},{"@type":"BreadcrumbList","@id":"https:\/\/eternelle-ephemere.com\/index.php\/produit\/voyage-sonore-2\/#breadcrumb","itemListElement":[{"@type":"ListItem","position":1,"name":"Accueil","item":"https:\/\/eternelle-ephemere.com\/"},{"@type":"ListItem","position":2,"name":"Shop","item":"https:\/\/eternelle-ephemere.com\/index.php\/shop\/"},{"@type":"ListItem","position":3,"name":"Voyage sonore"}]},{"@type":"WebSite","@id":"https:\/\/eternelle-ephemere.com\/#website","url":"https:\/\/eternelle-ephemere.com\/","name":"Eternelle Ephemere","description":"Retrouve ta v\u00e9ritable nature","publisher":{"@id":"https:\/\/eternelle-ephemere.com\/#\/schema\/person\/424dfa718634a7d990871a2ef8352b30"},"potentialAction":[{"@type":"SearchAction","target":{"@type":"EntryPoint","urlTemplate":"https:\/\/eternelle-ephemere.com\/?s={search_term_string}"},"query-input":{"@type":"PropertyValueSpecification","valueRequired":true,"valueName":"search_term_string"}}],"inLanguage":"fr-FR"},{"@type":["Person","Organization"],"@id":"https:\/\/eternelle-ephemere.com\/#\/schema\/person\/424dfa718634a7d990871a2ef8352b30","name":"Anne","image":{"@type":"ImageObject","inLanguage":"fr-FR","@id":"https:\/\/eternelle-ephemere.com\/wp-content\/uploads\/2024\/03\/cropped-Logo-EE-carre.jpg","url":"https:\/\/eternelle-ephemere.com\/wp-content\/uploads\/2024\/03\/cropped-Logo-EE-carre.jpg","contentUrl":"https:\/\/eternelle-ephemere.com\/wp-content\/uploads\/2024\/03\/cropped-Logo-EE-carre.jpg","width":512,"height":512,"caption":"Anne"},"logo":{"@id":"https:\/\/eternelle-ephemere.com\/wp-content\/uploads\/2024\/03\/cropped-Logo-EE-carre.jpg"},"sameAs":["http:\/\/eternelle-ephemere.com","https:\/\/www.facebook.com\/anne.crevaux.7","https:\/\/www.instagram.com\/eternelle.ephemere\/"]}]}},"jetpack_sharing_enabled":true,"_links":{"self":[{"href":"https:\/\/eternelle-ephemere.com\/index.php\/wp-json\/wp\/v2\/product\/1844","targetHints":{"allow":["GET"]}}],"collection":[{"href":"https:\/\/eternelle-ephemere.com\/index.php\/wp-json\/wp\/v2\/product"}],"about":[{"href":"https:\/\/eternelle-ephemere.com\/index.php\/wp-json\/wp\/v2\/types\/product"}],"replies":[{"embeddable":true,"href":"https:\/\/eternelle-ephemere.com\/index.php\/wp-json\/wp\/v2\/comments?post=1844"}],"wp:featuredmedia":[{"embeddable":true,"href":"https:\/\/eternelle-ephemere.com\/index.php\/wp-json\/wp\/v2\/media\/1489"}],"wp:attachment":[{"href":"https:\/\/eternelle-ephemere.com\/index.php\/wp-json\/wp\/v2\/media?parent=1844"}],"wp:term":[{"taxonomy":"product_brand","embeddable":true,"href":"https:\/\/eternelle-ephemere.com\/index.php\/wp-json\/wp\/v2\/product_brand?post=1844"},{"taxonomy":"product_cat","embeddable":true,"href":"https:\/\/eternelle-ephemere.com\/index.php\/wp-json\/wp\/v2\/product_cat?post=1844"},{"taxonomy":"product_tag","embeddable":true,"href":"https:\/\/eternelle-ephemere.com\/index.php\/wp-json\/wp\/v2\/product_tag?post=1844"}],"curies":[{"name":"wp","href":"https:\/\/api.w.org\/{rel}","templated":true}]}}