{"id":15,"date":"2021-11-21T15:14:41","date_gmt":"2021-11-21T14:14:41","guid":{"rendered":"http:\/\/eternelle-ephemere.com\/index.php\/services\/"},"modified":"2024-06-28T18:58:10","modified_gmt":"2024-06-28T16:58:10","slug":"accompagnements","status":"publish","type":"page","link":"https:\/\/eternelle-ephemere.com\/index.php\/accompagnements\/","title":{"rendered":"Accompagnements"},"content":{"rendered":"\t\t<div data-elementor-type=\"wp-page\" data-elementor-id=\"15\" class=\"elementor elementor-15\">\n\t\t\t\t\t\t<section class=\"elementor-section elementor-top-section elementor-element elementor-element-83746e8 elementor-section-height-min-height elementor-section-boxed elementor-section-height-default elementor-section-items-middle\" data-id=\"83746e8\" data-element_type=\"section\" data-e-type=\"section\" data-settings=\"{&quot;background_background&quot;:&quot;classic&quot;}\">\n\t\t\t\t\t\t\t<div class=\"elementor-background-overlay\"><\/div>\n\t\t\t\t\t\t\t<div class=\"elementor-container elementor-column-gap-default\">\n\t\t\t\t\t<div class=\"elementor-column elementor-col-100 elementor-top-column elementor-element elementor-element-09faee3\" data-id=\"09faee3\" data-element_type=\"column\" data-e-type=\"column\">\n\t\t\t<div class=\"elementor-widget-wrap elementor-element-populated\">\n\t\t\t\t\t\t<div class=\"elementor-element elementor-element-c7152a9 elementor-invisible elementor-widget elementor-widget-heading\" data-id=\"c7152a9\" data-element_type=\"widget\" data-e-type=\"widget\" data-settings=\"{&quot;_animation&quot;:&quot;fadeInUp&quot;}\" data-widget_type=\"heading.default\">\n\t\t\t\t<div class=\"elementor-widget-container\">\n\t\t\t\t\t<h1 class=\"elementor-heading-title elementor-size-default\">Accompagnement<\/h1>\t\t\t\t<\/div>\n\t\t\t\t<\/div>\n\t\t\t\t\t<\/div>\n\t\t<\/div>\n\t\t\t\t\t<\/div>\n\t\t<\/section>\n\t\t\t\t<section class=\"elementor-section elementor-top-section elementor-element elementor-element-50dbd23 elementor-section-boxed elementor-section-height-default elementor-section-height-default\" data-id=\"50dbd23\" data-element_type=\"section\" data-e-type=\"section\">\n\t\t\t\t\t\t<div class=\"elementor-container elementor-column-gap-default\">\n\t\t\t\t\t<div class=\"elementor-column elementor-col-100 elementor-top-column elementor-element elementor-element-d210ca9\" data-id=\"d210ca9\" data-element_type=\"column\" data-e-type=\"column\">\n\t\t\t<div class=\"elementor-widget-wrap elementor-element-populated\">\n\t\t\t\t\t\t<section class=\"elementor-section elementor-inner-section elementor-element elementor-element-bc39f79 elementor-section-boxed elementor-section-height-default elementor-section-height-default\" data-id=\"bc39f79\" data-element_type=\"section\" data-e-type=\"section\">\n\t\t\t\t\t\t<div class=\"elementor-container elementor-column-gap-default\">\n\t\t\t\t\t<div class=\"elementor-column elementor-col-50 elementor-inner-column elementor-element elementor-element-3a23924\" data-id=\"3a23924\" data-element_type=\"column\" data-e-type=\"column\">\n\t\t\t<div class=\"elementor-widget-wrap elementor-element-populated\">\n\t\t\t\t\t\t<div class=\"elementor-element elementor-element-31e6b9c elementor-invisible elementor-widget elementor-widget-image\" data-id=\"31e6b9c\" data-element_type=\"widget\" data-e-type=\"widget\" data-settings=\"{&quot;_animation&quot;:&quot;zoomIn&quot;}\" data-widget_type=\"image.default\">\n\t\t\t\t<div class=\"elementor-widget-container\">\n\t\t\t\t\t\t\t\t\t\t\t\t\t\t\t<img fetchpriority=\"high\" decoding=\"async\" width=\"680\" height=\"680\" src=\"https:\/\/i0.wp.com\/eternelle-ephemere.com\/wp-content\/uploads\/2023\/04\/wow.webp?fit=680%2C680&amp;ssl=1\" class=\"attachment-large size-large wp-image-1433\" alt=\"\" srcset=\"https:\/\/i0.wp.com\/eternelle-ephemere.com\/wp-content\/uploads\/2023\/04\/wow.webp?w=680&amp;ssl=1 680w, https:\/\/i0.wp.com\/eternelle-ephemere.com\/wp-content\/uploads\/2023\/04\/wow.webp?resize=300%2C300&amp;ssl=1 300w, https:\/\/i0.wp.com\/eternelle-ephemere.com\/wp-content\/uploads\/2023\/04\/wow.webp?resize=100%2C100&amp;ssl=1 100w, https:\/\/i0.wp.com\/eternelle-ephemere.com\/wp-content\/uploads\/2023\/04\/wow.webp?resize=600%2C600&amp;ssl=1 600w, https:\/\/i0.wp.com\/eternelle-ephemere.com\/wp-content\/uploads\/2023\/04\/wow.webp?resize=150%2C150&amp;ssl=1 150w\" sizes=\"(max-width: 680px) 100vw, 680px\" \/>\t\t\t\t\t\t\t\t\t\t\t\t\t\t\t<\/div>\n\t\t\t\t<\/div>\n\t\t\t\t<div class=\"elementor-element elementor-element-33a0eb7 elementor-widget elementor-widget-text-editor\" data-id=\"33a0eb7\" data-element_type=\"widget\" data-e-type=\"widget\" data-widget_type=\"text-editor.default\">\n\t\t\t\t<div class=\"elementor-widget-container\">\n\t\t\t\t\t\t\t\t\t<div id=\"comp-kykjl5ab\" class=\"BaOVQ8 tz5f0K comp-kykjl5ab wixui-rich-text\" data-testid=\"richTextElement\"><h2 class=\"font_0 wixui-rich-text__text\"><span class=\"color_15 wixui-rich-text__text\"><span class=\"wixui-rich-text__text\">Accompagnement personnalis\u00e9<\/span><\/span><\/h2><\/div><div id=\"comp-kyn6k40r\" class=\"BaOVQ8 tz5f0K comp-kyn6k40r wixui-rich-text\" data-testid=\"richTextElement\"><p class=\"font_9 wixui-rich-text__text\"><span class=\"color_15 wixui-rich-text__text\">Je vous propose de vous accompagner afin de vous aider \u00e0 vous reconnecter avec votre puissance personnelle.<\/span><\/p><p class=\"font_9 wixui-rich-text__text\"><span class=\"color_15 wixui-rich-text__text\">&#8211; Nous mettons en place ensemble un plan d&rsquo;action \u00e0 partir de votre probl\u00e9matique.<\/span><\/p><p class=\"font_9 wixui-rich-text__text\"><span class=\"color_15 wixui-rich-text__text\">&#8211; Nous d\u00e9terminons le temps que vous vous donnez pour atteindre vos objectifs.<\/span><\/p><p class=\"font_9 wixui-rich-text__text\"><span class=\"color_15 wixui-rich-text__text\">&#8211; Je partage avec vous\u00a0les m\u00e9thodes qui m&rsquo;ont aid\u00e9es et m&rsquo;aident encore aujourd&rsquo;hui \u00e0 avancer et d\u00e9passer obstacles et blocages, \u00e0 gu\u00e9rir les blessures qui vous emp\u00eachent de vous sentir libre.\u00a0<\/span><\/p><p class=\"font_9 wixui-rich-text__text\"><span class=\"color_15 wixui-rich-text__text\">&#8211; Je vous aide \u00e0 poser des actions qui vous permettrons de changer vos habitudes toxiques ou obsol\u00e8tes.<\/span><\/p><p class=\"font_9 wixui-rich-text__text\"><span class=\"color_15 wixui-rich-text__text\">Mon objectif \u00e0 moi est de vous rendre autonome et que vous puissiez vous emparer des outils que je vous partagerai afin de pouvoir les r\u00e9utiliser \u00e0 chaque fois que vous en resentirez le besoin.\u00a0<\/span><\/p><p class=\"font_9 wixui-rich-text__text\"><span class=\"color_15 wixui-rich-text__text\">Mon souhait est que vous puissiez vous sentir puissant(e) et en pleine confiance de votre l\u00e9gitimit\u00e9 et de votre potentiel \u00e0 atteindre n&rsquo;importe lequel de vos objectifs.<\/span><\/p><p class=\"font_9 wixui-rich-text__text\"><span class=\"color_15 wixui-rich-text__text\"><span class=\"wixui-rich-text__text\">Prix horaire<\/span>\u00a0: 70\u20ac<\/span><\/p><\/div>\t\t\t\t\t\t\t\t<\/div>\n\t\t\t\t<\/div>\n\t\t\t\t\t<\/div>\n\t\t<\/div>\n\t\t\t\t<div class=\"elementor-column elementor-col-50 elementor-inner-column elementor-element elementor-element-63dbd81\" data-id=\"63dbd81\" data-element_type=\"column\" data-e-type=\"column\">\n\t\t\t<div class=\"elementor-widget-wrap elementor-element-populated\">\n\t\t\t\t\t\t<div class=\"elementor-element elementor-element-35859b9 elementor-invisible elementor-widget elementor-widget-image\" data-id=\"35859b9\" data-element_type=\"widget\" data-e-type=\"widget\" data-settings=\"{&quot;_animation&quot;:&quot;zoomIn&quot;}\" data-widget_type=\"image.default\">\n\t\t\t\t<div class=\"elementor-widget-container\">\n\t\t\t\t\t\t\t\t\t\t\t\t\t\t\t<img decoding=\"async\" width=\"680\" height=\"680\" src=\"https:\/\/i0.wp.com\/eternelle-ephemere.com\/wp-content\/uploads\/2023\/04\/Image-de-Duong-Huu.webp?fit=680%2C680&amp;ssl=1\" class=\"attachment-large size-large wp-image-1368\" alt=\"\" srcset=\"https:\/\/i0.wp.com\/eternelle-ephemere.com\/wp-content\/uploads\/2023\/04\/Image-de-Duong-Huu.webp?w=680&amp;ssl=1 680w, https:\/\/i0.wp.com\/eternelle-ephemere.com\/wp-content\/uploads\/2023\/04\/Image-de-Duong-Huu.webp?resize=300%2C300&amp;ssl=1 300w, https:\/\/i0.wp.com\/eternelle-ephemere.com\/wp-content\/uploads\/2023\/04\/Image-de-Duong-Huu.webp?resize=100%2C100&amp;ssl=1 100w, https:\/\/i0.wp.com\/eternelle-ephemere.com\/wp-content\/uploads\/2023\/04\/Image-de-Duong-Huu.webp?resize=600%2C600&amp;ssl=1 600w, https:\/\/i0.wp.com\/eternelle-ephemere.com\/wp-content\/uploads\/2023\/04\/Image-de-Duong-Huu.webp?resize=150%2C150&amp;ssl=1 150w\" sizes=\"(max-width: 680px) 100vw, 680px\" \/>\t\t\t\t\t\t\t\t\t\t\t\t\t\t\t<\/div>\n\t\t\t\t<\/div>\n\t\t\t\t<div class=\"elementor-element elementor-element-fa7119c elementor-widget elementor-widget-text-editor\" data-id=\"fa7119c\" data-element_type=\"widget\" data-e-type=\"widget\" data-widget_type=\"text-editor.default\">\n\t\t\t\t<div class=\"elementor-widget-container\">\n\t\t\t\t\t\t\t\t\t<div id=\"comp-kykjl5ai\" class=\"BaOVQ8 tz5f0K comp-kykjl5ai wixui-rich-text\" data-testid=\"richTextElement\"><h2 class=\"font_0 wixui-rich-text__text\"><span class=\"color_15 wixui-rich-text__text\"><span class=\"wixui-rich-text__text\">Accompagnement\u00a0de couples<\/span><\/span><\/h2><\/div><div id=\"comp-kyn6k40u\" class=\"BaOVQ8 tz5f0K comp-kyn6k40u wixui-rich-text\" data-testid=\"richTextElement\"><p class=\"font_9 wixui-rich-text__text\"><span class=\"color_15 wixui-rich-text__text\">Apr\u00e8s 20 ans d&rsquo;un mariage heureux et 3 enfants, nous avons d\u00e9cid\u00e9, avec Axel ( mon mari) de partager tout ce qui nous a permis de surmonter les \u00e9preuves que la vie a mis sur notre chemin.\u00a0<\/span><\/p><p class=\"font_9 wixui-rich-text__text\"><span class=\"color_15 wixui-rich-text__text\">Nous pensons que m\u00eame si chaque couple est diff\u00e9rent, il y a certains pi\u00e8ges dans lesquels nous pouvons\u00a0\u00e9viter de tomber. Ainsi, gr\u00e2ce \u00e0 cette conscience que l&rsquo;amour ne suffit pas pour faire durer un couple nous avons pos\u00e9 des actions afin d&rsquo;\u00e9viter ces pi\u00e8ges.<\/span><\/p><p class=\"font_9 wixui-rich-text__text\"><span class=\"color_15 wixui-rich-text__text\"><span class=\"wixGuard wixui-rich-text__text\">\u200b<\/span><\/span><\/p><p class=\"font_9 wixui-rich-text__text\"><span class=\"color_15 wixui-rich-text__text\">Comment se d\u00e9roule un accompagnement ?\u00a0<\/span><\/p><p class=\"font_9 wixui-rich-text__text\"><span class=\"color_15 wixui-rich-text__text\">Lors du premier rendez-vous qui durera 1h30 nous allons surtout vous \u00e9couter nous exposer la situation que vous aimeriez voir \u00e9voluer.<\/span><\/p><p class=\"font_9 wixui-rich-text__text\"><span class=\"color_15 wixui-rich-text__text\">C&rsquo;est \u00e0 l&rsquo;issue de ce premier rendez-vous que nous verrons si nous sommes les\u00a0bonnes personnes pour vous accompagner.<\/span><\/p><p class=\"font_9 wixui-rich-text__text\"><span class=\"color_15 wixui-rich-text__text\">Si oui nous nous engageons chacun les uns envers les autres sur un certain nombre de rencontres.\u00a0<\/span><\/p><p class=\"font_9 wixui-rich-text__text\"><span class=\"color_15 wixui-rich-text__text\">Lors des rencontres nous r\u00e9pondons \u00e0 vos questions, vous expliquons nos techniques et vous donnons des actions \u00e0 poser pour faire changer les choses.<\/span><\/p><p class=\"font_9 wixui-rich-text__text\"><span class=\"color_15 wixui-rich-text__text\"><span class=\"wixGuard wixui-rich-text__text\">\u200b<\/span><\/span><\/p><p class=\"font_9 wixui-rich-text__text\"><span class=\"color_15 wixui-rich-text__text\"><span class=\"wixui-rich-text__text\">Prix horaire<\/span>: 80 \u20ac\u00a0<\/span><\/p><\/div>\t\t\t\t\t\t\t\t<\/div>\n\t\t\t\t<\/div>\n\t\t\t\t\t<\/div>\n\t\t<\/div>\n\t\t\t\t\t<\/div>\n\t\t<\/section>\n\t\t\t\t\t<\/div>\n\t\t<\/div>\n\t\t\t\t\t<\/div>\n\t\t<\/section>\n\t\t\t\t<\/div>\n\t\t","protected":false},"excerpt":{"rendered":"<p>Accompagnement Accompagnement personnalis\u00e9 Je vous propose de vous accompagner afin de vous aider \u00e0 vous reconnecter avec votre puissance personnelle. &#8211; Nous mettons en place ensemble un plan d&rsquo;action \u00e0 partir de votre probl\u00e9matique. &#8211; Nous d\u00e9terminons le temps que vous vous donnez pour atteindre vos objectifs. &#8211; Je partage avec vous\u00a0les m\u00e9thodes qui m&rsquo;ont [&hellip;]<\/p>\n","protected":false},"author":1,"featured_media":0,"parent":0,"menu_order":0,"comment_status":"closed","ping_status":"closed","template":"","meta":{"site-sidebar-layout":"no-sidebar","site-content-layout":"page-builder","ast-site-content-layout":"default","site-content-style":"default","site-sidebar-style":"default","ast-global-header-display":"","ast-banner-title-visibility":"","ast-main-header-display":"","ast-hfb-above-header-display":"","ast-hfb-below-header-display":"","ast-hfb-mobile-header-display":"","site-post-title":"disabled","ast-breadcrumbs-content":"","ast-featured-img":"disabled","footer-sml-layout":"","ast-disable-related-posts":"","theme-transparent-header-meta":"enabled","adv-header-id-meta":"","stick-header-meta":"","header-above-stick-meta":"","header-main-stick-meta":"","header-below-stick-meta":"","astra-migrate-meta-layouts":"default","ast-page-background-enabled":"default","ast-page-background-meta":{"desktop":{"background-color":"var(--ast-global-color-4)","background-image":"","background-repeat":"repeat","background-position":"center center","background-size":"auto","background-attachment":"scroll","background-type":"","background-media":"","overlay-type":"","overlay-color":"","overlay-opacity":"","overlay-gradient":""},"tablet":{"background-color":"","background-image":"","background-repeat":"repeat","background-position":"center center","background-size":"auto","background-attachment":"scroll","background-type":"","background-media":"","overlay-type":"","overlay-color":"","overlay-opacity":"","overlay-gradient":""},"mobile":{"background-color":"","background-image":"","background-repeat":"repeat","background-position":"center center","background-size":"auto","background-attachment":"scroll","background-type":"","background-media":"","overlay-type":"","overlay-color":"","overlay-opacity":"","overlay-gradient":""}},"ast-content-background-meta":{"desktop":{"background-color":"var(--ast-global-color-5)","background-image":"","background-repeat":"repeat","background-position":"center center","background-size":"auto","background-attachment":"scroll","background-type":"","background-media":"","overlay-type":"","overlay-color":"","overlay-opacity":"","overlay-gradient":""},"tablet":{"background-color":"var(--ast-global-color-5)","background-image":"","background-repeat":"repeat","background-position":"center center","background-size":"auto","background-attachment":"scroll","background-type":"","background-media":"","overlay-type":"","overlay-color":"","overlay-opacity":"","overlay-gradient":""},"mobile":{"background-color":"var(--ast-global-color-5)","background-image":"","background-repeat":"repeat","background-position":"center center","background-size":"auto","background-attachment":"scroll","background-type":"","background-media":"","overlay-type":"","overlay-color":"","overlay-opacity":"","overlay-gradient":""}},"footnotes":""},"class_list":["post-15","page","type-page","status-publish","hentry"],"yoast_head":"<!-- This site is optimized with the Yoast SEO plugin v27.4 - https:\/\/yoast.com\/product\/yoast-seo-wordpress\/ -->\n<title>Accompagnements - Eternelle Ephemere<\/title>\n<meta name=\"robots\" content=\"index, follow, max-snippet:-1, max-image-preview:large, max-video-preview:-1\" \/>\n<link rel=\"canonical\" href=\"https:\/\/eternelle-ephemere.com\/index.php\/accompagnements\/\" \/>\n<meta property=\"og:locale\" content=\"fr_FR\" \/>\n<meta property=\"og:type\" content=\"article\" \/>\n<meta property=\"og:title\" content=\"Accompagnements - Eternelle Ephemere\" \/>\n<meta property=\"og:description\" content=\"Accompagnement Accompagnement personnalis\u00e9 Je vous propose de vous accompagner afin de vous aider \u00e0 vous reconnecter avec votre puissance personnelle. &#8211; Nous mettons en place ensemble un plan d&rsquo;action \u00e0 partir de votre probl\u00e9matique. &#8211; Nous d\u00e9terminons le temps que vous vous donnez pour atteindre vos objectifs. &#8211; Je partage avec vous\u00a0les m\u00e9thodes qui m&rsquo;ont [&hellip;]\" \/>\n<meta property=\"og:url\" content=\"https:\/\/eternelle-ephemere.com\/index.php\/accompagnements\/\" \/>\n<meta property=\"og:site_name\" content=\"Eternelle Ephemere\" \/>\n<meta property=\"article:publisher\" content=\"https:\/\/www.facebook.com\/anne.crevaux.7\" \/>\n<meta property=\"article:modified_time\" content=\"2024-06-28T16:58:10+00:00\" \/>\n<meta property=\"og:image\" content=\"http:\/\/eternelle-ephemere.com\/wp-content\/uploads\/2023\/04\/wow.webp\" \/>\n<meta name=\"twitter:card\" content=\"summary_large_image\" \/>\n<meta name=\"twitter:label1\" content=\"Dur\u00e9e de lecture estim\u00e9e\" \/>\n\t<meta name=\"twitter:data1\" content=\"3 minutes\" \/>\n<script type=\"application\/ld+json\" class=\"yoast-schema-graph\">{\"@context\":\"https:\\\/\\\/schema.org\",\"@graph\":[{\"@type\":\"WebPage\",\"@id\":\"https:\\\/\\\/eternelle-ephemere.com\\\/index.php\\\/accompagnements\\\/\",\"url\":\"https:\\\/\\\/eternelle-ephemere.com\\\/index.php\\\/accompagnements\\\/\",\"name\":\"Accompagnements - Eternelle Ephemere\",\"isPartOf\":{\"@id\":\"https:\\\/\\\/eternelle-ephemere.com\\\/#website\"},\"primaryImageOfPage\":{\"@id\":\"https:\\\/\\\/eternelle-ephemere.com\\\/index.php\\\/accompagnements\\\/#primaryimage\"},\"image\":{\"@id\":\"https:\\\/\\\/eternelle-ephemere.com\\\/index.php\\\/accompagnements\\\/#primaryimage\"},\"thumbnailUrl\":\"http:\\\/\\\/eternelle-ephemere.com\\\/wp-content\\\/uploads\\\/2023\\\/04\\\/wow.webp\",\"datePublished\":\"2021-11-21T14:14:41+00:00\",\"dateModified\":\"2024-06-28T16:58:10+00:00\",\"breadcrumb\":{\"@id\":\"https:\\\/\\\/eternelle-ephemere.com\\\/index.php\\\/accompagnements\\\/#breadcrumb\"},\"inLanguage\":\"fr-FR\",\"potentialAction\":[{\"@type\":\"ReadAction\",\"target\":[\"https:\\\/\\\/eternelle-ephemere.com\\\/index.php\\\/accompagnements\\\/\"]}]},{\"@type\":\"ImageObject\",\"inLanguage\":\"fr-FR\",\"@id\":\"https:\\\/\\\/eternelle-ephemere.com\\\/index.php\\\/accompagnements\\\/#primaryimage\",\"url\":\"https:\\\/\\\/i0.wp.com\\\/eternelle-ephemere.com\\\/wp-content\\\/uploads\\\/2023\\\/04\\\/wow.webp?fit=680%2C680&ssl=1\",\"contentUrl\":\"https:\\\/\\\/i0.wp.com\\\/eternelle-ephemere.com\\\/wp-content\\\/uploads\\\/2023\\\/04\\\/wow.webp?fit=680%2C680&ssl=1\",\"width\":680,\"height\":680},{\"@type\":\"BreadcrumbList\",\"@id\":\"https:\\\/\\\/eternelle-ephemere.com\\\/index.php\\\/accompagnements\\\/#breadcrumb\",\"itemListElement\":[{\"@type\":\"ListItem\",\"position\":1,\"name\":\"Accueil\",\"item\":\"https:\\\/\\\/eternelle-ephemere.com\\\/\"},{\"@type\":\"ListItem\",\"position\":2,\"name\":\"Accompagnements\"}]},{\"@type\":\"WebSite\",\"@id\":\"https:\\\/\\\/eternelle-ephemere.com\\\/#website\",\"url\":\"https:\\\/\\\/eternelle-ephemere.com\\\/\",\"name\":\"Eternelle Ephemere\",\"description\":\"Retrouve ta v\u00e9ritable nature\",\"publisher\":{\"@id\":\"https:\\\/\\\/eternelle-ephemere.com\\\/#\\\/schema\\\/person\\\/424dfa718634a7d990871a2ef8352b30\"},\"potentialAction\":[{\"@type\":\"SearchAction\",\"target\":{\"@type\":\"EntryPoint\",\"urlTemplate\":\"https:\\\/\\\/eternelle-ephemere.com\\\/?s={search_term_string}\"},\"query-input\":{\"@type\":\"PropertyValueSpecification\",\"valueRequired\":true,\"valueName\":\"search_term_string\"}}],\"inLanguage\":\"fr-FR\"},{\"@type\":[\"Person\",\"Organization\"],\"@id\":\"https:\\\/\\\/eternelle-ephemere.com\\\/#\\\/schema\\\/person\\\/424dfa718634a7d990871a2ef8352b30\",\"name\":\"Anne\",\"image\":{\"@type\":\"ImageObject\",\"inLanguage\":\"fr-FR\",\"@id\":\"https:\\\/\\\/eternelle-ephemere.com\\\/wp-content\\\/uploads\\\/2024\\\/03\\\/cropped-Logo-EE-carre.jpg\",\"url\":\"https:\\\/\\\/eternelle-ephemere.com\\\/wp-content\\\/uploads\\\/2024\\\/03\\\/cropped-Logo-EE-carre.jpg\",\"contentUrl\":\"https:\\\/\\\/eternelle-ephemere.com\\\/wp-content\\\/uploads\\\/2024\\\/03\\\/cropped-Logo-EE-carre.jpg\",\"width\":512,\"height\":512,\"caption\":\"Anne\"},\"logo\":{\"@id\":\"https:\\\/\\\/eternelle-ephemere.com\\\/wp-content\\\/uploads\\\/2024\\\/03\\\/cropped-Logo-EE-carre.jpg\"},\"sameAs\":[\"http:\\\/\\\/eternelle-ephemere.com\",\"https:\\\/\\\/www.facebook.com\\\/anne.crevaux.7\",\"https:\\\/\\\/www.instagram.com\\\/eternelle.ephemere\\\/\"]}]}<\/script>\n<!-- \/ Yoast SEO plugin. -->","yoast_head_json":{"title":"Accompagnements - Eternelle Ephemere","robots":{"index":"index","follow":"follow","max-snippet":"max-snippet:-1","max-image-preview":"max-image-preview:large","max-video-preview":"max-video-preview:-1"},"canonical":"https:\/\/eternelle-ephemere.com\/index.php\/accompagnements\/","og_locale":"fr_FR","og_type":"article","og_title":"Accompagnements - Eternelle Ephemere","og_description":"Accompagnement Accompagnement personnalis\u00e9 Je vous propose de vous accompagner afin de vous aider \u00e0 vous reconnecter avec votre puissance personnelle. &#8211; Nous mettons en place ensemble un plan d&rsquo;action \u00e0 partir de votre probl\u00e9matique. &#8211; Nous d\u00e9terminons le temps que vous vous donnez pour atteindre vos objectifs. &#8211; Je partage avec vous\u00a0les m\u00e9thodes qui m&rsquo;ont [&hellip;]","og_url":"https:\/\/eternelle-ephemere.com\/index.php\/accompagnements\/","og_site_name":"Eternelle Ephemere","article_publisher":"https:\/\/www.facebook.com\/anne.crevaux.7","article_modified_time":"2024-06-28T16:58:10+00:00","og_image":[{"url":"http:\/\/eternelle-ephemere.com\/wp-content\/uploads\/2023\/04\/wow.webp","type":"","width":"","height":""}],"twitter_card":"summary_large_image","twitter_misc":{"Dur\u00e9e de lecture estim\u00e9e":"3 minutes"},"schema":{"@context":"https:\/\/schema.org","@graph":[{"@type":"WebPage","@id":"https:\/\/eternelle-ephemere.com\/index.php\/accompagnements\/","url":"https:\/\/eternelle-ephemere.com\/index.php\/accompagnements\/","name":"Accompagnements - Eternelle Ephemere","isPartOf":{"@id":"https:\/\/eternelle-ephemere.com\/#website"},"primaryImageOfPage":{"@id":"https:\/\/eternelle-ephemere.com\/index.php\/accompagnements\/#primaryimage"},"image":{"@id":"https:\/\/eternelle-ephemere.com\/index.php\/accompagnements\/#primaryimage"},"thumbnailUrl":"http:\/\/eternelle-ephemere.com\/wp-content\/uploads\/2023\/04\/wow.webp","datePublished":"2021-11-21T14:14:41+00:00","dateModified":"2024-06-28T16:58:10+00:00","breadcrumb":{"@id":"https:\/\/eternelle-ephemere.com\/index.php\/accompagnements\/#breadcrumb"},"inLanguage":"fr-FR","potentialAction":[{"@type":"ReadAction","target":["https:\/\/eternelle-ephemere.com\/index.php\/accompagnements\/"]}]},{"@type":"ImageObject","inLanguage":"fr-FR","@id":"https:\/\/eternelle-ephemere.com\/index.php\/accompagnements\/#primaryimage","url":"https:\/\/i0.wp.com\/eternelle-ephemere.com\/wp-content\/uploads\/2023\/04\/wow.webp?fit=680%2C680&ssl=1","contentUrl":"https:\/\/i0.wp.com\/eternelle-ephemere.com\/wp-content\/uploads\/2023\/04\/wow.webp?fit=680%2C680&ssl=1","width":680,"height":680},{"@type":"BreadcrumbList","@id":"https:\/\/eternelle-ephemere.com\/index.php\/accompagnements\/#breadcrumb","itemListElement":[{"@type":"ListItem","position":1,"name":"Accueil","item":"https:\/\/eternelle-ephemere.com\/"},{"@type":"ListItem","position":2,"name":"Accompagnements"}]},{"@type":"WebSite","@id":"https:\/\/eternelle-ephemere.com\/#website","url":"https:\/\/eternelle-ephemere.com\/","name":"Eternelle Ephemere","description":"Retrouve ta v\u00e9ritable nature","publisher":{"@id":"https:\/\/eternelle-ephemere.com\/#\/schema\/person\/424dfa718634a7d990871a2ef8352b30"},"potentialAction":[{"@type":"SearchAction","target":{"@type":"EntryPoint","urlTemplate":"https:\/\/eternelle-ephemere.com\/?s={search_term_string}"},"query-input":{"@type":"PropertyValueSpecification","valueRequired":true,"valueName":"search_term_string"}}],"inLanguage":"fr-FR"},{"@type":["Person","Organization"],"@id":"https:\/\/eternelle-ephemere.com\/#\/schema\/person\/424dfa718634a7d990871a2ef8352b30","name":"Anne","image":{"@type":"ImageObject","inLanguage":"fr-FR","@id":"https:\/\/eternelle-ephemere.com\/wp-content\/uploads\/2024\/03\/cropped-Logo-EE-carre.jpg","url":"https:\/\/eternelle-ephemere.com\/wp-content\/uploads\/2024\/03\/cropped-Logo-EE-carre.jpg","contentUrl":"https:\/\/eternelle-ephemere.com\/wp-content\/uploads\/2024\/03\/cropped-Logo-EE-carre.jpg","width":512,"height":512,"caption":"Anne"},"logo":{"@id":"https:\/\/eternelle-ephemere.com\/wp-content\/uploads\/2024\/03\/cropped-Logo-EE-carre.jpg"},"sameAs":["http:\/\/eternelle-ephemere.com","https:\/\/www.facebook.com\/anne.crevaux.7","https:\/\/www.instagram.com\/eternelle.ephemere\/"]}]}},"jetpack_sharing_enabled":true,"_links":{"self":[{"href":"https:\/\/eternelle-ephemere.com\/index.php\/wp-json\/wp\/v2\/pages\/15","targetHints":{"allow":["GET"]}}],"collection":[{"href":"https:\/\/eternelle-ephemere.com\/index.php\/wp-json\/wp\/v2\/pages"}],"about":[{"href":"https:\/\/eternelle-ephemere.com\/index.php\/wp-json\/wp\/v2\/types\/page"}],"author":[{"embeddable":true,"href":"https:\/\/eternelle-ephemere.com\/index.php\/wp-json\/wp\/v2\/users\/1"}],"replies":[{"embeddable":true,"href":"https:\/\/eternelle-ephemere.com\/index.php\/wp-json\/wp\/v2\/comments?post=15"}],"version-history":[{"count":0,"href":"https:\/\/eternelle-ephemere.com\/index.php\/wp-json\/wp\/v2\/pages\/15\/revisions"}],"wp:attachment":[{"href":"https:\/\/eternelle-ephemere.com\/index.php\/wp-json\/wp\/v2\/media?parent=15"}],"curies":[{"name":"wp","href":"https:\/\/api.w.org\/{rel}","templated":true}]}}